{"id":1512,"date":"2016-03-05T14:37:06","date_gmt":"2016-03-05T14:37:06","guid":{"rendered":"https:\/\/the7.io\/dance\/?page_id=2"},"modified":"2024-04-12T09:34:41","modified_gmt":"2024-04-12T09:34:41","slug":"home","status":"publish","type":"page","link":"https:\/\/pompesfunebreslefloch.fr\/","title":{"rendered":"Home"},"content":{"rendered":"<p>[vc_row][vc_column]\n\t\t\t<!-- START Slider 1 REVOLUTION SLIDER 6.4.11 --><p class=\"rs-p-wp-fix\"><\/p>\n\t\t\t<rs-module-wrap id=\"rev_slider_2_1_wrapper\" data-source=\"gallery\" style=\"background:transparent;padding:0;\">\n\t\t\t\t<rs-module id=\"rev_slider_2_1\" style=\"\" data-version=\"6.4.11\">\n\t\t\t\t\t<rs-slides>\n\t\t\t\t\t\t<rs-slide data-key=\"rs-2\" data-title=\"Slide\" data-in=\"o:0;\" data-out=\"a:false;\">\n\t\t\t\t\t\t\t<img loading=\"lazy\" decoding=\"async\" src=\"\/\/pompesfunebreslefloch.fr\/wp-content\/uploads\/2021\/03\/PREVOYANCE-Obseques-Fotolia_71510403_XL-Darren-Baker-scaled.jpg\" title=\"Senior Couple Sunset Tropical Beach\" width=\"2560\" height=\"1706\" class=\"rev-slidebg tp-rs-img\" data-no-retina>\n<!--\n\t\t\t\t\t\t\t--><rs-layer\n\t\t\t\t\t\t\t\tid=\"slider-2-slide-2-layer-0\" \n\t\t\t\t\t\t\t\tdata-type=\"shape\"\n\t\t\t\t\t\t\t\tdata-rsp_ch=\"on\"\n\t\t\t\t\t\t\t\tdata-xy=\"x:c;xo:13px,4px,0,-9px;yo:54px,276px,286px,598px;\"\n\t\t\t\t\t\t\t\tdata-text=\"w:normal;s:20,16,12,8;l:0,20,15,11;\"\n\t\t\t\t\t\t\t\tdata-dim=\"w:815px,673px,511px,380px;h:180px,148px,112px,83px;\"\n\t\t\t\t\t\t\t\tdata-frame_999=\"o:0;st:w;\"\n\t\t\t\t\t\t\t\tstyle=\"z-index:8;background-color:rgba(0,0,0,0.5);\"\n\t\t\t\t\t\t\t> \n\t\t\t\t\t\t\t<\/rs-layer><!--\n\n\t\t\t\t\t\t\t--><rs-layer\n\t\t\t\t\t\t\t\tid=\"slider-2-slide-2-layer-1\" \n\t\t\t\t\t\t\t\tdata-type=\"text\"\n\t\t\t\t\t\t\t\tdata-rsp_ch=\"on\"\n\t\t\t\t\t\t\t\tdata-xy=\"x:l,c,c,c;xo:367px,0,0,-3px;yo:107px,317px,318px,628px;\"\n\t\t\t\t\t\t\t\tdata-text=\"w:normal;s:30,24,18,13;l:35,28,21,15;a:center;\"\n\t\t\t\t\t\t\t\tdata-dim=\"w:539.7339999999999px,445px,338px,251px;h:75px,61px,46px,34px;\"\n\t\t\t\t\t\t\t\tdata-frame_999=\"o:0;st:w;\"\n\t\t\t\t\t\t\t\tstyle=\"z-index:9;font-family:Roboto;\"\n\t\t\t\t\t\t\t>Notre \u00e9coute et notre exp\u00e9rience <BR>\u00e0 votre service<br \/>\n \n\t\t\t\t\t\t\t<\/rs-layer><!--\n\n\t\t\t\t\t\t\t--><a\n\t\t\t\t\t\t\t\tid=\"slider-2-slide-2-layer-2\" \n\t\t\t\t\t\t\t\tclass=\"rs-layer rev-btn\"\n\t\t\t\t\t\t\t\thref=\"https:\/\/pompesfunebreslefloch.fr\/index.php\/demarches-apres-deces\/\" target=\"_self\"\n\t\t\t\t\t\t\t\tdata-type=\"button\"\n\t\t\t\t\t\t\t\tdata-bsh=\"c:rgba(0,0,0,0.25);v:10px,8px,6px,3px;b:20px,16px,12px,7px;\"\n\t\t\t\t\t\t\t\tdata-xy=\"x:c;xo:268px,212px,159px,100px;y:b;yo:273px,268px,499px,41px;\"\n\t\t\t\t\t\t\t\tdata-text=\"w:normal;s:15,12,9,5;l:60,49,37,22;fw:500;a:center;\"\n\t\t\t\t\t\t\t\tdata-dim=\"w:310px,256px,194px,119px;h:60px,49px,37px,22px;minh:0px,none,none,none;\"\n\t\t\t\t\t\t\t\tdata-rsp_o=\"off\"\n\t\t\t\t\t\t\t\tdata-rsp_bd=\"off\"\n\t\t\t\t\t\t\t\tdata-padding=\"r:60,50,38,23;l:60,50,38,23;\"\n\t\t\t\t\t\t\t\tdata-border=\"bor:5px,5px,5px,5px;\"\n\t\t\t\t\t\t\t\tdata-frame_999=\"o:0;st:w;\"\n\t\t\t\t\t\t\t\tdata-frame_hover=\"bgc:linear-gradient(rgba(255,149,0,1) 0%, rgba(255,94,58,1) 100%);bor:5px,5px,5px,5px;e:power1.inOut;bri:120%;\"\n\t\t\t\t\t\t\t\tstyle=\"z-index:11;background:linear-gradient(90deg, rgba(255,195,132,1) 0%, rgba(89,0,0,1) 100%);font-family:Roboto;\"\n\t\t\t\t\t\t\t>D\u00c9MARCHES APR\u00c8S D\u00c9C\u00c8S \n\t\t\t\t\t\t\t<\/a><!--\n\n\t\t\t\t\t\t\t--><a\n\t\t\t\t\t\t\t\tid=\"slider-2-slide-2-layer-3\" \n\t\t\t\t\t\t\t\tclass=\"rs-layer rev-btn\"\n\t\t\t\t\t\t\t\thref=\"https:\/\/pompesfunebreslefloch.fr\/index.php\/avis-de-deces\/\" target=\"_self\"\n\t\t\t\t\t\t\t\tdata-type=\"button\"\n\t\t\t\t\t\t\t\tdata-bsh=\"c:rgba(0,0,0,0.25);v:10px,8px,6px,3px;b:20px,16px,12px,7px;\"\n\t\t\t\t\t\t\t\tdata-xy=\"x:c;xo:-211px,-180px,-140px,-85px;y:b;yo:274px,267px,500px,42px;\"\n\t\t\t\t\t\t\t\tdata-text=\"w:normal;s:15,12,9,5;l:60,49,37,22;fw:500;\"\n\t\t\t\t\t\t\t\tdata-dim=\"w:372px,307px,233px,143px;h:60px,49px,37px,22px;minh:0px,none,none,none;\"\n\t\t\t\t\t\t\t\tdata-rsp_o=\"off\"\n\t\t\t\t\t\t\t\tdata-rsp_bd=\"off\"\n\t\t\t\t\t\t\t\tdata-padding=\"r:60,50,38,23;l:60,50,38,23;\"\n\t\t\t\t\t\t\t\tdata-border=\"bor:5px,5px,5px,5px;\"\n\t\t\t\t\t\t\t\tdata-frame_999=\"o:0;st:w;\"\n\t\t\t\t\t\t\t\tdata-frame_hover=\"bgc:linear-gradient(rgba(255,149,0,1) 0%, rgba(255,94,58,1) 100%);bor:5px,5px,5px,5px;e:power1.inOut;bri:120%;\"\n\t\t\t\t\t\t\t\tstyle=\"z-index:10;background:linear-gradient(90deg, rgba(255,195,132,1) 0%, rgba(89,0,0,1) 100%);font-family:Roboto;\"\n\t\t\t\t\t\t\t>AVIS DE D\u00c9C\u00c8S & CONDOL\u00c9ANCES \n\t\t\t\t\t\t\t<\/a><!--\n-->\t\t\t\t\t\t<\/rs-slide>\n\t\t\t\t\t\t<rs-slide data-key=\"rs-3\" data-title=\"Slide\" data-in=\"o:0;col:400;\" data-out=\"a:false;\">\n\t\t\t\t\t\t\t<img loading=\"lazy\" decoding=\"async\" src=\"\/\/pompesfunebreslefloch.fr\/wp-content\/uploads\/2021\/03\/hands-5017314_1920.jpg\" title=\"hands-5017314_1920\" width=\"1920\" height=\"1280\" class=\"rev-slidebg tp-rs-img\" data-bg=\"f:auto;\" data-no-retina>\n<!--\n\t\t\t\t\t\t\t--><rs-layer\n\t\t\t\t\t\t\t\tid=\"slider-2-slide-3-layer-0\" \n\t\t\t\t\t\t\t\tdata-type=\"shape\"\n\t\t\t\t\t\t\t\tdata-rsp_ch=\"on\"\n\t\t\t\t\t\t\t\tdata-xy=\"x:c;yo:326px,269px,204px,125px;\"\n\t\t\t\t\t\t\t\tdata-text=\"w:normal;s:20,16,12,7;l:0,20,15,9;\"\n\t\t\t\t\t\t\t\tdata-dim=\"w:815px,673px,511px,315px;h:180px,148px,112px,69px;\"\n\t\t\t\t\t\t\t\tdata-frame_999=\"o:0;st:w;\"\n\t\t\t\t\t\t\t\tstyle=\"z-index:5;background-color:rgba(0,0,0,0.5);\"\n\t\t\t\t\t\t\t> \n\t\t\t\t\t\t\t<\/rs-layer><!--\n\n\t\t\t\t\t\t\t--><rs-layer\n\t\t\t\t\t\t\t\tid=\"slider-2-slide-3-layer-1\" \n\t\t\t\t\t\t\t\tdata-type=\"text\"\n\t\t\t\t\t\t\t\tdata-rsp_ch=\"on\"\n\t\t\t\t\t\t\t\tdata-xy=\"xo:346px,285px,216px,133px;yo:384px,317px,240px,148px;\"\n\t\t\t\t\t\t\t\tdata-text=\"w:normal;s:30,24,18,11;l:35,28,21,12;a:center;\"\n\t\t\t\t\t\t\t\tdata-dim=\"w:539.7339999999999px,445px,338px,208px;h:75px,61px,46px,28px;\"\n\t\t\t\t\t\t\t\tdata-frame_999=\"o:0;st:w;\"\n\t\t\t\t\t\t\t\tstyle=\"z-index:6;font-family:Roboto;\"\n\t\t\t\t\t\t\t>Notre \u00e9coute et notre exp\u00e9rience <BR>\u00e0 votre service<br \/>\n \n\t\t\t\t\t\t\t<\/rs-layer><!--\n\n\t\t\t\t\t\t\t--><a\n\t\t\t\t\t\t\t\tid=\"slider-2-slide-3-layer-5\" \n\t\t\t\t\t\t\t\tclass=\"rs-layer rev-btn\"\n\t\t\t\t\t\t\t\thref=\"https:\/\/pompesfunebreslefloch.fr\/index.php\/avis-de-deces\/\" target=\"_self\"\n\t\t\t\t\t\t\t\tdata-type=\"button\"\n\t\t\t\t\t\t\t\tdata-bsh=\"c:rgba(0,0,0,0.25);v:10px,8px,6px,3px;b:20px,16px,12px,7px;\"\n\t\t\t\t\t\t\t\tdata-rsp_ch=\"on\"\n\t\t\t\t\t\t\t\tdata-xy=\"x:c;xo:-169px,-139px,-105px,-64px;y:b;yo:347px,286px,217px,133px;\"\n\t\t\t\t\t\t\t\tdata-text=\"w:normal;s:15,12,9,5;l:60,49,37,22;fw:500;\"\n\t\t\t\t\t\t\t\tdata-dim=\"w:372px,307px,233px,143px;h:60px,49px,37px,22px;minh:0px,none,none,none;\"\n\t\t\t\t\t\t\t\tdata-basealign=\"slide\"\n\t\t\t\t\t\t\t\tdata-padding=\"r:60,50,38,23;l:60,50,38,23;\"\n\t\t\t\t\t\t\t\tdata-border=\"bor:5px,5px,5px,5px;\"\n\t\t\t\t\t\t\t\tdata-frame_999=\"o:0;st:w;\"\n\t\t\t\t\t\t\t\tdata-frame_hover=\"bgc:linear-gradient(rgba(255,149,0,1) 0%, rgba(255,94,58,1) 100%);bor:5px,5px,5px,5px;e:power1.inOut;bri:120%;\"\n\t\t\t\t\t\t\t\tstyle=\"z-index:7;background:linear-gradient(90deg, rgba(255,195,132,1) 0%, rgba(89,0,0,1) 100%);font-family:Roboto;\"\n\t\t\t\t\t\t\t>AVIS DE D\u00c9C\u00c8S & CONDOL\u00c9ANCES \n\t\t\t\t\t\t\t<\/a><!--\n\n\t\t\t\t\t\t\t--><a\n\t\t\t\t\t\t\t\tid=\"slider-2-slide-3-layer-6\" \n\t\t\t\t\t\t\t\tclass=\"rs-layer rev-btn\"\n\t\t\t\t\t\t\t\thref=\"https:\/\/pompesfunebreslefloch.fr\/index.php\/demarches-apres-deces\/\" target=\"_self\"\n\t\t\t\t\t\t\t\tdata-type=\"button\"\n\t\t\t\t\t\t\t\tdata-bsh=\"c:rgba(0,0,0,0.25);v:10px,8px,6px,3px;b:20px,16px,12px,7px;\"\n\t\t\t\t\t\t\t\tdata-rsp_ch=\"on\"\n\t\t\t\t\t\t\t\tdata-xy=\"x:c;xo:196px,161px,122px,75px;y:b;yo:347px,286px,217px,133px;\"\n\t\t\t\t\t\t\t\tdata-text=\"w:normal;s:15,12,9,5;l:60,49,37,22;fw:500;\"\n\t\t\t\t\t\t\t\tdata-dim=\"w:310px,256px,194px,119px;h:60px,49px,37px,22px;minh:0px,none,none,none;\"\n\t\t\t\t\t\t\t\tdata-basealign=\"slide\"\n\t\t\t\t\t\t\t\tdata-padding=\"r:60,50,38,23;l:60,50,38,23;\"\n\t\t\t\t\t\t\t\tdata-border=\"bor:5px,5px,5px,5px;\"\n\t\t\t\t\t\t\t\tdata-frame_999=\"o:0;st:w;\"\n\t\t\t\t\t\t\t\tdata-frame_hover=\"bgc:linear-gradient(rgba(255,149,0,1) 0%, rgba(255,94,58,1) 100%);bor:5px,5px,5px,5px;e:power1.inOut;bri:120%;\"\n\t\t\t\t\t\t\t\tstyle=\"z-index:7;background:linear-gradient(90deg, rgba(255,195,132,1) 0%, rgba(89,0,0,1) 100%);font-family:Roboto;\"\n\t\t\t\t\t\t\t>D\u00c9MARCHES APR\u00c8S D\u00c9C\u00c8S \n\t\t\t\t\t\t\t<\/a><!--\n-->\t\t\t\t\t\t<\/rs-slide>\n\t\t\t\t\t<\/rs-slides>\n\t\t\t\t\t<rs-static-layers><!--\n\t\t\t\t\t--><\/rs-static-layers>\n\t\t\t\t<\/rs-module>\n\t\t\t\t<script type=\"text\/javascript\">\n\t\t\t\t\tsetREVStartSize({c: 'rev_slider_2_1',rl:[1240,1024,778,480],el:[600,768,960,820],gw:[1240,1024,778,580],gh:[600,768,960,820],type:'standard',justify:'',layout:'fullscreen',offsetContainer:'',offset:'',mh:\"0\"});\n\t\t\t\t\tvar\trevapi2,\n\t\t\t\t\t\ttpj;\n\t\t\t\t\tfunction revinit_revslider21() {\n\t\t\t\t\tjQuery(function() {\n\t\t\t\t\t\ttpj = jQuery;\n\t\t\t\t\t\trevapi2 = tpj(\"#rev_slider_2_1\");\n\t\t\t\t\t\tif(revapi2==undefined || revapi2.revolution == undefined){\n\t\t\t\t\t\t\trevslider_showDoubleJqueryError(\"rev_slider_2_1\");\n\t\t\t\t\t\t}else{\n\t\t\t\t\t\t\trevapi2.revolution({\n\t\t\t\t\t\t\t\tDPR:\"dpr\",\n\t\t\t\t\t\t\t\tsliderLayout:\"fullscreen\",\n\t\t\t\t\t\t\t\tvisibilityLevels:\"1240,1024,778,480\",\n\t\t\t\t\t\t\t\tgridwidth:\"1240,1024,778,580\",\n\t\t\t\t\t\t\t\tgridheight:\"600,768,960,820\",\n\t\t\t\t\t\t\t\tperspective:600,\n\t\t\t\t\t\t\t\tperspectiveType:\"isometric\",\n\t\t\t\t\t\t\t\teditorheight:\"600,768,960,820\",\n\t\t\t\t\t\t\t\tresponsiveLevels:\"1240,1024,778,480\",\n\t\t\t\t\t\t\t\tignoreHeightChange:false,\n\t\t\t\t\t\t\t\tstopAtSlide:1,\n\t\t\t\t\t\t\t\tstopAfterLoops:0,\n\t\t\t\t\t\t\t\tstopLoop:true,\n\t\t\t\t\t\t\t\tprogressBar:{disableProgressBar:true},\n\t\t\t\t\t\t\t\tnavigation: {\n\t\t\t\t\t\t\t\t\tonHoverStop:false\n\t\t\t\t\t\t\t\t},\n\t\t\t\t\t\t\t\tfallbacks: {\n\t\t\t\t\t\t\t\t\tallowHTML5AutoPlayOnAndroid:true\n\t\t\t\t\t\t\t\t},\n\t\t\t\t\t\t\t});\n\t\t\t\t\t\t}\n\t\t\t\t\t\t\n\t\t\t\t\t});\n\t\t\t\t\t} \/\/ End of RevInitScript\n\t\t\t\tvar once_revslider21 = false;\n\t\t\t\tif (document.readyState === \"loading\") {document.addEventListener('readystatechange',function() { if((document.readyState === \"interactive\" || document.readyState === \"complete\") && !once_revslider21 ) { once_revslider21 = true; revinit_revslider21();}});} else {once_revslider21 = true; revinit_revslider21();}\n\t\t\t\t<\/script>\n\t\t\t<\/rs-module-wrap>\n\t\t\t<!-- END REVOLUTION SLIDER -->\n[vc_column_text]<pre class=\"ti-widget\"><div class=\"ti-widget ti-no-profile-img ti-goog\" data-no-translation=\"true\" data-layout-id=\"4\" data-set-id=\"drop-shadow\" data-pid=\"\" data-pager-autoplay-timeout=\"6\" data-review-target-width=\"300\" data-language=\"fr\" > <div class=\"ti-widget-container ti-col-3\"> <div class=\"ti-reviews-container\"> <div class=\"ti-controls\"> <div class=\"ti-next\"><\/div> <div class=\"ti-prev\"><\/div> <\/div> <div class=\"ti-reviews-container-wrapper\">  <div data-empty=\"0\" class=\"ti-review-item source-Google\" > <div class=\"ti-inner\"> <div class=\"ti-review-header\">  <div class=\"ti-profile-details\"> <div class=\"ti-name\"> Nadia Morvan <\/div> <div class=\"ti-date\">2025-01-10<\/div> <\/div> <\/div> <span class=\"ti-stars\"><span class=\"ti-star f\"><\/span><span class=\"ti-star f\"><\/span><span class=\"ti-star f\"><\/span><span class=\"ti-star f\"><\/span><span class=\"ti-star f\"><\/span><\/span> <div class=\"ti-review-text-container ti-review-content\"><!-- R-CONTENT -->Merci aux \u00e9tablissements Le Floch que je recommande<!-- R-CONTENT --><\/div> <span class=\"ti-read-more\" data-container=\".ti-review-content\" data-collapse-text=\"Cacher\" data-open-text=\"Lire la suite\" ><\/span> <\/div> <\/div>  <div data-empty=\"0\" class=\"ti-review-item source-Google\" > <div class=\"ti-inner\"> <div class=\"ti-review-header\">  <div class=\"ti-profile-details\"> <div class=\"ti-name\"> Ma\u00efwenn Le Gall <\/div> <div class=\"ti-date\">2025-01-10<\/div> <\/div> <\/div> <span class=\"ti-stars\"><span class=\"ti-star f\"><\/span><span class=\"ti-star f\"><\/span><span class=\"ti-star f\"><\/span><span class=\"ti-star f\"><\/span><span class=\"ti-star f\"><\/span><\/span> <div class=\"ti-review-text-container ti-review-content\"><!-- R-CONTENT -->Nous avons accompagn\u00e9 mon grand-p\u00e8re, l\u2019\u00e9quipe \u00e9tait tr\u00e8s professionnel, tous mes recommandation ont \u00e9t\u00e9 trait\u00e9es par une \u00e9quipe au top. Merci \u00e0 vous<!-- R-CONTENT --><\/div> <span class=\"ti-read-more\" data-container=\".ti-review-content\" data-collapse-text=\"Cacher\" data-open-text=\"Lire la suite\" ><\/span> <\/div> <\/div>  <div data-empty=\"0\" class=\"ti-review-item source-Google\" > <div class=\"ti-inner\"> <div class=\"ti-review-header\">  <div class=\"ti-profile-details\"> <div class=\"ti-name\"> Corinne H\u00e9mery <\/div> <div class=\"ti-date\">2024-06-16<\/div> <\/div> <\/div> <span class=\"ti-stars\"><span class=\"ti-star f\"><\/span><span class=\"ti-star f\"><\/span><span class=\"ti-star f\"><\/span><span class=\"ti-star f\"><\/span><span class=\"ti-star f\"><\/span><\/span> <div class=\"ti-review-text-container ti-review-content\"><!-- R-CONTENT -->Encore mille fois merci pour votre accompagnement lors des d\u00e9c\u00e8s de mon fr\u00e8re et de mon papa au mois de mars.\nDe l \u00e9coute,  de l empathie, du soutien...\nMerci tout particuli\u00e8rement \u00e0 H\u00e9l\u00e8ne.<!-- R-CONTENT --><\/div> <span class=\"ti-read-more\" data-container=\".ti-review-content\" data-collapse-text=\"Cacher\" data-open-text=\"Lire la suite\" ><\/span> <\/div> <\/div>  <div data-empty=\"0\" class=\"ti-review-item source-Google\" > <div class=\"ti-inner\"> <div class=\"ti-review-header\">  <div class=\"ti-profile-details\"> <div class=\"ti-name\"> cassandre becquet <\/div> <div class=\"ti-date\">2024-03-25<\/div> <\/div> <\/div> <span class=\"ti-stars\"><span class=\"ti-star f\"><\/span><span class=\"ti-star f\"><\/span><span class=\"ti-star f\"><\/span><span class=\"ti-star f\"><\/span><span class=\"ti-star f\"><\/span><\/span> <div class=\"ti-review-text-container ti-review-content\"><!-- R-CONTENT -->Bonjour,\nUn grand merci \u00e0 l'ensemble se votre \u00e9quipe pour l'accompagnement, les conseils et le soutien. Vous avez tout g\u00e9r\u00e9. C'\u00e9tait tr\u00e8s r\u00e9confortant pour nous.\nEncore merci pour tout.\nFamille<!-- R-CONTENT --><\/div> <span class=\"ti-read-more\" data-container=\".ti-review-content\" data-collapse-text=\"Cacher\" data-open-text=\"Lire la suite\" ><\/span> <\/div> <\/div>  <div data-empty=\"0\" class=\"ti-review-item source-Google\" > <div class=\"ti-inner\"> <div class=\"ti-review-header\">  <div class=\"ti-profile-details\"> <div class=\"ti-name\"> Paola Gesret <\/div> <div class=\"ti-date\">2024-03-25<\/div> <\/div> <\/div> <span class=\"ti-stars\"><span class=\"ti-star f\"><\/span><span class=\"ti-star f\"><\/span><span class=\"ti-star f\"><\/span><span class=\"ti-star f\"><\/span><span class=\"ti-star f\"><\/span><\/span> <div class=\"ti-review-text-container ti-review-content\"><!-- R-CONTENT -->Excellent contact, accueil et conseils tr\u00e8s personnels et conciliants. J'ai re\u00e7u un accompagnement tr\u00e8s attentif et chaleureux , pendant et apr\u00e8s l'organisation des obs\u00e8ques de mon beau-p\u00e8re<!-- R-CONTENT --><\/div> <span class=\"ti-read-more\" data-container=\".ti-review-content\" data-collapse-text=\"Cacher\" data-open-text=\"Lire la suite\" ><\/span> <\/div> <\/div>  <div data-empty=\"0\" class=\"ti-review-item source-Google\" > <div class=\"ti-inner\"> <div class=\"ti-review-header\">  <div class=\"ti-profile-details\"> <div class=\"ti-name\"> Claudine Gr\u00e9goire <\/div> <div class=\"ti-date\">2024-03-04<\/div> <\/div> <\/div> <span class=\"ti-stars\"><span class=\"ti-star f\"><\/span><span class=\"ti-star f\"><\/span><span class=\"ti-star f\"><\/span><span class=\"ti-star f\"><\/span><span class=\"ti-star f\"><\/span><\/span> <div class=\"ti-review-text-container ti-review-content\"><!-- R-CONTENT -->Ayant perdu mes parents \u00e0 15 mois d'intervalle, j'ai rencontr\u00e9 des personnes tr\u00e8s comp\u00e9tentes, \u00e0 l'\u00e9coute pour m'accompagner dans ces douloureux moments. Merci \u00e0 toute l'\u00e9quipe pour votre humanit\u00e9 et votre empathie.<!-- R-CONTENT --><\/div> <span class=\"ti-read-more\" data-container=\".ti-review-content\" data-collapse-text=\"Cacher\" data-open-text=\"Lire la suite\" ><\/span> <\/div> <\/div>  <div data-empty=\"0\" class=\"ti-review-item source-Google\" > <div class=\"ti-inner\"> <div class=\"ti-review-header\">  <div class=\"ti-profile-details\"> <div class=\"ti-name\"> Louis Torres <\/div> <div class=\"ti-date\">2024-02-19<\/div> <\/div> <\/div> <span class=\"ti-stars\"><span class=\"ti-star f\"><\/span><span class=\"ti-star f\"><\/span><span class=\"ti-star f\"><\/span><span class=\"ti-star f\"><\/span><span class=\"ti-star f\"><\/span><\/span> <div class=\"ti-review-text-container ti-review-content\"><!-- R-CONTENT -->Nous avons accompagn\u00e9 notre grand-m\u00e8re vers l\u2019autre monde et nous avons fait face \u00e0 une \u00e9quipe super compr\u00e9hensive, comp\u00e9tente.\nMerci pour tous.<!-- R-CONTENT --><\/div> <span class=\"ti-read-more\" data-container=\".ti-review-content\" data-collapse-text=\"Cacher\" data-open-text=\"Lire la suite\" ><\/span> <\/div> <\/div>  <div data-empty=\"0\" class=\"ti-review-item source-Google\" > <div class=\"ti-inner\"> <div class=\"ti-review-header\">  <div class=\"ti-profile-details\"> <div class=\"ti-name\"> lilian pensec <\/div> <div class=\"ti-date\">2024-02-19<\/div> <\/div> <\/div> <span class=\"ti-stars\"><span class=\"ti-star f\"><\/span><span class=\"ti-star f\"><\/span><span class=\"ti-star f\"><\/span><span class=\"ti-star f\"><\/span><span class=\"ti-star f\"><\/span><\/span> <div class=\"ti-review-text-container ti-review-content\"><!-- R-CONTENT -->Nous \u00e9t\u00e9 impressionn\u00e9 par la qualit\u00e9 de la prise en charge, tant au niveau des contacts, marqu\u00e9s par une empathie de chaque instant toujours sinc\u00e8re, que de l\u2019organisation de la c\u00e9r\u00e9monie. Nous avons \u00e9galement appr\u00e9ci\u00e9s la tenue des locaux tr\u00e8s bien agenc\u00e9s et apaisant. Nous remercions chaleureusement l\u2019\u00e9quipe pour son investissement tout au long.\nMerci<!-- R-CONTENT --><\/div> <span class=\"ti-read-more\" data-container=\".ti-review-content\" data-collapse-text=\"Cacher\" data-open-text=\"Lire la suite\" ><\/span> <\/div> <\/div>  <div data-empty=\"0\" class=\"ti-review-item source-Google\" > <div class=\"ti-inner\"> <div class=\"ti-review-header\">  <div class=\"ti-profile-details\"> <div class=\"ti-name\"> Marie YAN <\/div> <div class=\"ti-date\">2023-08-21<\/div> <\/div> <\/div> <span class=\"ti-stars\"><span class=\"ti-star f\"><\/span><span class=\"ti-star f\"><\/span><span class=\"ti-star f\"><\/span><span class=\"ti-star f\"><\/span><span class=\"ti-star f\"><\/span><\/span> <div class=\"ti-review-text-container ti-review-content\"><!-- R-CONTENT -->Comp\u00e9tence, professionnalisme, qualit\u00e9 humaine exceptionnelle et discr\u00e9tion.<!-- R-CONTENT --><\/div> <span class=\"ti-read-more\" data-container=\".ti-review-content\" data-collapse-text=\"Cacher\" data-open-text=\"Lire la suite\" ><\/span> <\/div> <\/div>  <\/div> <div class=\"ti-controls-line\"> <div class=\"dot\"><\/div> <\/div> <\/div> <div class=\"ti-footer\"> <div class=\"ti-rating-text\"> <span class=\"nowrap\">\u00c9valuation <strong>Google<\/strong> : <\/span><span class=\"nowrap\"><strong>4.3<\/strong> sur 5, <\/span><span class=\"nowrap\">Bas\u00e9e sur <strong>19 avis<\/strong>,<\/span><span class=\"nowrap\">affichage de nos derniers avis<\/span> <\/div> <\/div>  <\/div> <\/div> <\/pre>[\/vc_column_text][\/vc_column][\/vc_row]<\/p>\n","protected":false},"excerpt":{"rendered":"<p>[vc_row][vc_column][vc_column_text][\/vc_column_text][\/vc_column][\/vc_row]<\/p>\n","protected":false},"author":1,"featured_media":0,"parent":0,"menu_order":0,"comment_status":"closed","ping_status":"closed","template":"template-microsite.php","meta":[],"class_list":["post-1512","page","type-page","status-publish","hentry","description-off"],"_links":{"self":[{"href":"https:\/\/pompesfunebreslefloch.fr\/index.php\/wp-json\/wp\/v2\/pages\/1512","targetHints":{"allow":["GET"]}}],"collection":[{"href":"https:\/\/pompesfunebreslefloch.fr\/index.php\/wp-json\/wp\/v2\/pages"}],"about":[{"href":"https:\/\/pompesfunebreslefloch.fr\/index.php\/wp-json\/wp\/v2\/types\/page"}],"author":[{"embeddable":true,"href":"https:\/\/pompesfunebreslefloch.fr\/index.php\/wp-json\/wp\/v2\/users\/1"}],"replies":[{"embeddable":true,"href":"https:\/\/pompesfunebreslefloch.fr\/index.php\/wp-json\/wp\/v2\/comments?post=1512"}],"version-history":[{"count":8,"href":"https:\/\/pompesfunebreslefloch.fr\/index.php\/wp-json\/wp\/v2\/pages\/1512\/revisions"}],"predecessor-version":[{"id":1733,"href":"https:\/\/pompesfunebreslefloch.fr\/index.php\/wp-json\/wp\/v2\/pages\/1512\/revisions\/1733"}],"wp:attachment":[{"href":"https:\/\/pompesfunebreslefloch.fr\/index.php\/wp-json\/wp\/v2\/media?parent=1512"}],"curies":[{"name":"wp","href":"https:\/\/api.w.org\/{rel}","templated":true}]}}