{"id":1579,"date":"2021-03-31T08:59:03","date_gmt":"2021-03-31T08:59:03","guid":{"rendered":"https:\/\/pompesfunebreslefloch.fr\/?page_id=1579"},"modified":"2021-04-13T10:03:18","modified_gmt":"2021-04-13T10:03:18","slug":"prestations-generales","status":"publish","type":"page","link":"https:\/\/pompesfunebreslefloch.fr\/index.php\/prestations-generales\/","title":{"rendered":"Prestations g\u00e9n\u00e9rales"},"content":{"rendered":"<p>[vc_row][vc_column][vc_column_text]<\/p>\n<h4>Tous nos professionnels sont \u00e0 vos c\u00f4t\u00e9s pour vous accompagner \u00e0 chaque \u00e9tape des obs\u00e8ques, depuis la prise en charge de votre d\u00e9funt jusqu&rsquo;\u00e0 son lieu de s\u00e9pulture.<\/h4>\n<p>[\/vc_column_text][vc_empty_space][vc_row_inner][vc_column_inner width=\u00a0\u00bb1\/4&Prime;][vc_single_image image=\u00a0\u00bb1580&Prime; img_size=\u00a0\u00bb200&Prime;][\/vc_column_inner][vc_column_inner width=\u00a0\u00bb3\/4&Prime;][vc_column_text]<strong>Assistance avant obs\u00e8ques<\/strong><\/p>\n<ul>\n<li>Intervention imm\u00e9diate d&rsquo;un assistant fun\u00e9raire aupr\u00e8s des familles<\/li>\n<li>Transport avant mise en bi\u00e8re du lieu de d\u00e9c\u00e8s au fun\u00e9rarium ou au domicile<\/li>\n<li>Rapatriement (monde entier) du corps du d\u00e9funt du lieu de d\u00e9c\u00e8s \u00e0 son lieu de domicile ou chambre fun\u00e9raire<\/li>\n<\/ul>\n<p>[\/vc_column_text][\/vc_column_inner][\/vc_row_inner][vc_empty_space][vc_separator color=\u00a0\u00bbgreen\u00a0\u00bb border_width=\u00a0\u00bb2&Prime;][vc_empty_space][vc_row_inner][vc_column_inner width=\u00a0\u00bb1\/4&Prime;][vc_single_image image=\u00a0\u00bb1584&Prime; img_size=\u00a0\u00bbfull\u00a0\u00bb][\/vc_column_inner][vc_column_inner width=\u00a0\u00bb3\/4&Prime;][vc_column_text]<strong>La Pr\u00e9paration et l&rsquo;organisation des obs\u00e8ques<\/strong><\/p>\n<ul>\n<li>Organisation compl\u00e8te des obs\u00e8ques et accomplissement des d\u00e9marches aupr\u00e8s des tiers (Mairie, Cimeti\u00e8re, Police, Culte, Presse&#8230;)<\/li>\n<\/ul>\n<p>[\/vc_column_text][\/vc_column_inner][\/vc_row_inner][vc_empty_space][vc_separator color=\u00a0\u00bbgreen\u00a0\u00bb border_width=\u00a0\u00bb2&Prime;][vc_empty_space][vc_row_inner][vc_column_inner width=\u00a0\u00bb1\/4&Prime;][vc_single_image image=\u00a0\u00bb1587&Prime; img_size=\u00a0\u00bbfull\u00a0\u00bb][\/vc_column_inner][vc_column_inner width=\u00a0\u00bb3\/4&Prime;][vc_column_text]<strong>L&rsquo;hommage et la pr\u00e9sentation du d\u00e9funt<\/strong><\/p>\n<ul>\n<li>Toilette, habillage et soins de pr\u00e9sentation du corps au domicile ou en chambre fun\u00e9raire (selon choix de la famille).<\/li>\n<li>Mise \u00e0 disposition d&rsquo;un salon priv\u00e9 (chambre fun\u00e9raire) pour pr\u00e9senter le d\u00e9funt, se recueillir et r\u00e9unir les proches avec d\u00e9coration fun\u00e9raire<\/li>\n<\/ul>\n<p>[\/vc_column_text][\/vc_column_inner][\/vc_row_inner][vc_empty_space][vc_separator color=\u00a0\u00bbgreen\u00a0\u00bb border_width=\u00a0\u00bb2&Prime;][vc_empty_space][vc_row_inner][vc_column_inner width=\u00a0\u00bb1\/4&Prime;][vc_single_image image=\u00a0\u00bb1589&Prime; img_size=\u00a0\u00bbfull\u00a0\u00bb][vc_empty_space][vc_single_image image=\u00a0\u00bb1590&Prime; img_size=\u00a0\u00bbfull\u00a0\u00bb][\/vc_column_inner][vc_column_inner width=\u00a0\u00bb3\/4&Prime;][vc_column_text]<strong>L&rsquo;ex\u00e9cution des obs\u00e8ques<\/strong><\/p>\n<ul>\n<li>Assistance d&rsquo;un maitre de c\u00e9r\u00e9monie pour toutes les \u00e9tapes du convoi au domicile (ou lieu de mise ne bi\u00e8re) au cimeti\u00e8re ou cr\u00e9matorium<\/li>\n<li>Choix vari\u00e9s de cercueils et de capitonnage (croix ou embl\u00e8mes, fournitures compl\u00e9mentaires, initiales brod\u00e9es&#8230;)<\/li>\n<li>V\u00e9hicules fun\u00e9raires agr\u00e9\u00e9s avec professionnels en tenue, tables et registres \u00e0 signatures<\/li>\n<li>Organisation des c\u00e9r\u00e9monies civiles ou religieuses<\/li>\n<li>Prise en charge de la famille et du d\u00e9funt selon mode de s\u00e9pulture : Inhumation ou Cr\u00e9mation<\/li>\n<\/ul>\n<p>[\/vc_column_text][\/vc_column_inner][\/vc_row_inner][vc_empty_space][vc_separator color=\u00a0\u00bbgreen\u00a0\u00bb border_width=\u00a0\u00bb2&Prime;][vc_empty_space][vc_row_inner][vc_column_inner width=\u00a0\u00bb1\/4&Prime;][vc_single_image image=\u00a0\u00bb1592&Prime; img_size=\u00a0\u00bbfull\u00a0\u00bb][\/vc_column_inner][vc_column_inner width=\u00a0\u00bb3\/4&Prime;][vc_column_text]<strong>L&rsquo;apr\u00e8s obs\u00e8ques<\/strong><\/p>\n<ul>\n<li>Conception, r\u00e9alisation et \u00e9dition de faire-parts et de cartes de remerciements<\/li>\n<li>Aide aux d\u00e9marches administratives apr\u00e8s obs\u00e8ques<\/li>\n<li>Fleurissement entretien de s\u00e9pulture<\/li>\n<\/ul>\n<p>[\/vc_column_text][\/vc_column_inner][\/vc_row_inner][vc_empty_space][vc_separator color=\u00a0\u00bbgreen\u00a0\u00bb border_width=\u00a0\u00bb2&Prime;][vc_empty_space][\/vc_column][\/vc_row][vc_row][vc_column][vc_column_text]<\/p>\n<h4>L&rsquo;inhumation : pleine terre ou caveau<\/h4>\n<p>[\/vc_column_text][vc_empty_space][vc_row_inner][vc_column_inner width=\u00a0\u00bb1\/4&Prime;][vc_single_image image=\u00a0\u00bb1594&Prime; img_size=\u00a0\u00bbfull\u00a0\u00bb alignment=\u00a0\u00bbcenter\u00a0\u00bb][\/vc_column_inner][vc_column_inner width=\u00a0\u00bb1\/4&Prime;][vc_single_image image=\u00a0\u00bb1595&Prime; img_size=\u00a0\u00bbfull\u00a0\u00bb alignment=\u00a0\u00bbcenter\u00a0\u00bb][\/vc_column_inner][vc_column_inner width=\u00a0\u00bb1\/4&Prime;][vc_single_image image=\u00a0\u00bb1596&Prime; img_size=\u00a0\u00bbfull\u00a0\u00bb alignment=\u00a0\u00bbcenter\u00a0\u00bb][\/vc_column_inner][vc_column_inner width=\u00a0\u00bb1\/4&Prime;][vc_single_image image=\u00a0\u00bb1597&Prime; img_size=\u00a0\u00bbfull\u00a0\u00bb alignment=\u00a0\u00bbcenter\u00a0\u00bb][\/vc_column_inner][\/vc_row_inner][vc_empty_space][vc_column_text]La famille a le choix d&rsquo;inhumer le cercueil de son d\u00e9funt en pleine terre ou dans un caveau\u00a0<i>(Il est \u00e0 noter que dans certaines concessions perp\u00e9tuelles le caveau peut \u00eatre rendu obligatoire par la mairie).<\/i><\/p>\n<p>Le caveau est situ\u00e9 en g\u00e9n\u00e9ral sous le monument. Il est r\u00e9alis\u00e9 en g\u00e9n\u00e9ral en profondeur avec des plaques en b\u00e9ton et peut accueillir de un \u00e0 plusieurs cercueils (cases).<\/p>\n<p>Le caveau permet d&rsquo;avoir une base solide pour la pose du monument.<\/p>\n<p>Une famille ou un particulier a la possibilit\u00e9 de faire construire un\u00a0<strong>caveau familial<\/strong>. Ce choix est fait par les personnes qui souhaitent que plusieurs membres de leur famille reposent dans le m\u00eame lieu apr\u00e8s leur d\u00e9c\u00e8s.<\/p>\n<p>Les principaux avantages du caveau familial sont que la famille dispose d&rsquo;un espace unique de recueillement aupr\u00e8s de ses d\u00e9funts, qu&rsquo;il n&rsquo;y a pas besoin d&rsquo;acheter une nouvelle concession \u00e0 chaque nouvel \u00e9v\u00e9nement fun\u00e9raire, que l&rsquo;entretien et la mise en valeur de cet espace sont moins on\u00e9reux que s&rsquo;il y avait plusieurs concessions individuelles dispers\u00e9es.<\/p>\n<p><strong>Comment faire construire un caveau ?<\/strong>\u00a0Pour faire construire un caveau, il faut acqu\u00e9rir au pr\u00e9alable une concession aupr\u00e8s de la commune et choisir ensuite le type de caveau souhait\u00e9 (en b\u00e9ton, en pr\u00e9fabriqu\u00e9, ou d&rsquo;une conception originale ou hors sol).<\/p>\n<p><strong>N&rsquo;h\u00e9sitez pas \u00e0 nous consulter pour toute information \u00e0 ce sujet, nos conseillers sont l\u00e0 pour vous aider.<\/strong>[\/vc_column_text][vc_empty_space][vc_separator color=\u00a0\u00bbgreen\u00a0\u00bb border_width=\u00a0\u00bb2&Prime;][vc_empty_space][\/vc_column][\/vc_row][vc_row][vc_column][vc_column_text]<\/p>\n<h4>La cr\u00e9mation (dispersion des cendres ou conservation des cendres dans une urne)<\/h4>\n<p>[\/vc_column_text][vc_empty_space][vc_row_inner][vc_column_inner width=\u00a0\u00bb1\/4&Prime;][vc_single_image image=\u00a0\u00bb1598&Prime; img_size=\u00a0\u00bbfull\u00a0\u00bb alignment=\u00a0\u00bbcenter\u00a0\u00bb][\/vc_column_inner][vc_column_inner width=\u00a0\u00bb1\/4&Prime;][vc_single_image image=\u00a0\u00bb1599&Prime; img_size=\u00a0\u00bbfull\u00a0\u00bb alignment=\u00a0\u00bbcenter\u00a0\u00bb][\/vc_column_inner][vc_column_inner width=\u00a0\u00bb1\/4&Prime;][vc_single_image image=\u00a0\u00bb1600&Prime; img_size=\u00a0\u00bbfull\u00a0\u00bb alignment=\u00a0\u00bbcenter\u00a0\u00bb][\/vc_column_inner][vc_column_inner width=\u00a0\u00bb1\/4&Prime;][vc_single_image image=\u00a0\u00bb1601&Prime; img_size=\u00a0\u00bbfull\u00a0\u00bb alignment=\u00a0\u00bbcenter\u00a0\u00bb][\/vc_column_inner][\/vc_row_inner][vc_empty_space][vc_column_text]La cr\u00e9mation (appel\u00e9e \u00e9galement \u00ab incin\u00e9ration \u00bb ou \u00ab cr\u00e9matisation \u00bb) consiste \u00e0 br\u00fbler le cercueil contenant le corps du d\u00e9funt. Cette op\u00e9ration, qui dure g\u00e9n\u00e9ralement 1H15mn, se d\u00e9roule au cr\u00e9matorium. Il est possible de rester sur les lieux pendant toute la dur\u00e9e de la cr\u00e9mation mais il est plut\u00f4t conseill\u00e9, compte-tenu de la dur\u00e9t\u00e9 de l&rsquo;\u00e9preuve, de rejoindre ses proches en attendant la remise des cendres par les pompes fun\u00e8bres, quelques heures plus tard.<\/p>\n<p>Deux choix principaux s&rsquo;offrent \u00e0 la famille \u00e0 l&rsquo;issue de la cr\u00e9mation : la dispersion des cendres du d\u00e9funt ou leur conservation dans une urne.<\/p>\n<p>Si la famille souhaite se donner le temps de la r\u00e9flexion, elle peut, pour une dur\u00e9e maximale d&rsquo;un an, confier l&rsquo;urne contenant les cendres du d\u00e9funt au cr\u00e9matorium.<\/p>\n<p><strong class=\"red\">Conservation des cendres dans une urne :<\/strong>\u00a0une urne fun\u00e9raire (aussi appel\u00e9e \u00ab urne cin\u00e9raire \u00bb), est un vase ferm\u00e9 dans lequel est conserv\u00e9e la totalit\u00e9 des cendres d&rsquo;un d\u00e9funt apr\u00e8s la cr\u00e9mation (les urnes sont munies ext\u00e9rieurement d&rsquo;une plaque portant l&rsquo;identit\u00e9 du d\u00e9funt et le nom du cr\u00e9matorium). Les urnes existent en diff\u00e9rents mat\u00e9riaux (pierre, marbre, c\u00e9ramiques, verres teints&#8230;) et sont d&rsquo;une grande vari\u00e9t\u00e9 de mod\u00e8les.<\/p>\n<p>Une urne peut \u00eatre inhum\u00e9e dans une s\u00e9pulture, d\u00e9pos\u00e9e dans une case de columbarium ou scell\u00e9e sur un monument fun\u00e9raire \u00e0 l&rsquo;int\u00e9rieur du cim\u00e8tiere ou d&rsquo;un site cin\u00e9raire. Notez bien que la loi interdit la conservation des cendres au domicile.<\/p>\n<p><strong class=\"red\">La dispersion des cendres :<\/strong>\u00a0les cendres peuvent \u00eatre dispers\u00e9es dans un espace collectif et anonyme pr\u00e9vu \u00e0 cet effet. Cet endroit, appel\u00e9 \u00ab jardin du souvenir \u00bb, est g\u00e9n\u00e9ralement am\u00e9nag\u00e9 dans l&rsquo;enceinte du cr\u00e9matorium ou dans un cimeti\u00e8re.<\/p>\n<p>Les cendres peuvent \u00e9galement \u00eatre dispers\u00e9es en pleine nature (except\u00e9 dans les lieux publics) ou en pleine mer (l&rsquo;urne biod\u00e9gradable contenant les cendres sera alors jet\u00e9e \u00e0 la mer).<\/p>\n<p>Si la dispersion doit avoir lieu dans une autre r\u00e9gion, nous pouvons contacter une entreprise de pompes fun\u00e8bres locale qui vous accompagnera le moment venu.<\/p>\n<p><strong>N&rsquo;h\u00e9sitez pas \u00e0 solliciter les conseils de nos professionnels quand vous le souhaitez.<\/strong>[\/vc_column_text][vc_empty_space][\/vc_column][\/vc_row]<\/p>\n","protected":false},"excerpt":{"rendered":"<p>[vc_row][vc_column][vc_column_text] Tous nos professionnels sont \u00e0 vos c\u00f4t\u00e9s pour vous accompagner \u00e0 chaque \u00e9tape des obs\u00e8ques, depuis la prise en charge de votre d\u00e9funt jusqu&rsquo;\u00e0 son lieu de s\u00e9pulture. [\/vc_column_text][vc_empty_space][vc_row_inner][vc_column_inner width=\u00a0\u00bb1\/4&Prime;][vc_single_image image=\u00a0\u00bb1580&Prime; img_size=\u00a0\u00bb200&Prime;][\/vc_column_inner][vc_column_inner width=\u00a0\u00bb3\/4&Prime;][vc_column_text]Assistance avant obs\u00e8ques Intervention imm\u00e9diate d&rsquo;un assistant fun\u00e9raire aupr\u00e8s des familles Transport avant mise en bi\u00e8re du lieu de d\u00e9c\u00e8s au fun\u00e9rarium&hellip;<\/p>\n","protected":false},"author":1,"featured_media":0,"parent":0,"menu_order":0,"comment_status":"closed","ping_status":"closed","template":"","meta":[],"class_list":["post-1579","page","type-page","status-publish","hentry","description-off"],"_links":{"self":[{"href":"https:\/\/pompesfunebreslefloch.fr\/index.php\/wp-json\/wp\/v2\/pages\/1579","targetHints":{"allow":["GET"]}}],"collection":[{"href":"https:\/\/pompesfunebreslefloch.fr\/index.php\/wp-json\/wp\/v2\/pages"}],"about":[{"href":"https:\/\/pompesfunebreslefloch.fr\/index.php\/wp-json\/wp\/v2\/types\/page"}],"author":[{"embeddable":true,"href":"https:\/\/pompesfunebreslefloch.fr\/index.php\/wp-json\/wp\/v2\/users\/1"}],"replies":[{"embeddable":true,"href":"https:\/\/pompesfunebreslefloch.fr\/index.php\/wp-json\/wp\/v2\/comments?post=1579"}],"version-history":[{"count":13,"href":"https:\/\/pompesfunebreslefloch.fr\/index.php\/wp-json\/wp\/v2\/pages\/1579\/revisions"}],"predecessor-version":[{"id":1707,"href":"https:\/\/pompesfunebreslefloch.fr\/index.php\/wp-json\/wp\/v2\/pages\/1579\/revisions\/1707"}],"wp:attachment":[{"href":"https:\/\/pompesfunebreslefloch.fr\/index.php\/wp-json\/wp\/v2\/media?parent=1579"}],"curies":[{"name":"wp","href":"https:\/\/api.w.org\/{rel}","templated":true}]}}