{"id":1614,"date":"2021-03-31T10:52:43","date_gmt":"2021-03-31T10:52:43","guid":{"rendered":"https:\/\/pompesfunebreslefloch.fr\/?page_id=1614"},"modified":"2022-09-28T16:14:40","modified_gmt":"2022-09-28T16:14:40","slug":"mentions-legales","status":"publish","type":"page","link":"https:\/\/pompesfunebreslefloch.fr\/index.php\/mentions-legales\/","title":{"rendered":"MENTIONS LEGALES"},"content":{"rendered":"<p>[vc_row][vc_column][vc_empty_space][vc_column_text]<strong>Nom ou Raison sociale :<\/strong> POMPES FUNEBRES LE FLOC\u2019H<br \/>\n<strong>Adresse \u00e9lectronique :<\/strong> <strong>pf.lefloch@orange.fr<\/strong><br \/>\n<strong>T\u00e9l\u00e9phone : <\/strong>02 98 59 85 45<br \/>\n<strong>Forme juridique :<\/strong> SARL<br \/>\n<strong>Capital social : <\/strong>7\u00a0622,45 \u20ac<br \/>\n<strong>Adresse si\u00e8ge social : rue Roger Salengro 29140 ROSPORDEN<\/strong><br \/>\n<strong>N\u00b0 SIRET de l\u2019\u00e9tablissement : <\/strong>422626515 00031<br \/>\n<strong>Mentions l\u00e9gales sp\u00e9cifiques\u00a0: <u>CODE APE\u00a0<\/u>: 9603z\u00a0; <u>N\u00b0HABILITATION<\/u>\u00a0: 12-294-209\u00a0; <u>N\u00b0ORIAS<\/u>\u00a0: \u00a007 02 95 81<\/strong><strong><br \/>\nN\u00b0 d&rsquo;assuj\u00e9tissement \u00e0 la TVA : FR 26422626515<\/strong><\/p>\n<p>Site construit par webart-creation.com<\/p>\n<p><strong>Site h\u00e9berg\u00e9 chez IONOS<\/strong><\/p>\n<p><strong>R\u00e9alisation du site\u00a0:<\/strong><strong><br \/>\n<\/strong><strong>SOLAS Conseil, SAS au capital de 4000 \u20ac &#8211; 48 rue Blaize de Maisonneuve<\/strong><strong><br \/>\n<\/strong><strong>RCS SAINT-MALO 789 859\u00a0485 \u00a0N\u00b0 TVA Intracommunautaire : FR 96789859485<\/strong><strong><br \/>\n<\/strong><a href=\"http:\/\/www.solas-conseil.com\"><strong>solas-conseil.com<\/strong><\/a><\/p>\n<p><strong>Directeur de r\u00e9daction et de publication : Pompes Fun\u00e8bres LEFLOCH<\/strong><\/p>\n<p><strong>Protection des donn\u00e9es personnelles (RGPD) :<\/strong><br \/>\nLes informations collect\u00e9es lors des devis et commandes feront l\u2019objet d\u2019un traitement plac\u00e9 sous la responsabilit\u00e9 de l\u2019entreprise de Pompes Fun\u00e8bres LEFLOCH afin d\u2019assurer la gestion contractuelle des prestations du service fun\u00e9raire et afin d\u2019obtenir la r\u00e9daction des documents n\u00e9cessaires aupr\u00e8s des administrations (r\u00e9daction des actes de d\u00e9c\u00e8s conform\u00e9ment \u00e0 l\u2019article 79 du code civil et autorisations officielles), tiers (culte, prestataires ext\u00e9rieurs \u00e0 l\u2019entreprise), pour le bon d\u00e9roulement des prestations. Certaines informations seront communiqu\u00e9es aupr\u00e8s de la soci\u00e9t\u00e9 en charge de la mise en oeuvre des contrats obs\u00e8ques. Les donn\u00e9es seront conserv\u00e9es 10 ans apr\u00e8s paiement des prestations en application avec la loi. Conform\u00e9ment avec la l\u00e9gislation en vigueur vous pouvez \u00e0 tout moment vous opposer \u00e0 ce traitement informatique, obtenir la communication des donn\u00e9es vous concernant et leur rectification. La demande doit \u00eatre adress\u00e9e : <strong>Pompes Fun\u00e8bres LEFLOCH <\/strong><strong>rue Roger Salengro 29140 ROSPORDEN<\/strong><\/p>\n<p>Vous avez la possibilit\u00e9 d\u2019adresser un courrier \u00e0 la Commission Nationale de l\u2019Informatique et des Libert\u00e9s (CNIL).<\/p>\n<p><strong>Copyright photos : <\/strong><\/p>\n<p><strong>Pixabay\u00a0: <\/strong><strong>(Mains page accueil\u00a0 + illustrations des Avis de d\u00e9c\u00e8s)<\/strong><\/p>\n<p><strong>Fotolia, Shutterstock : <\/strong><strong><br \/>\n<\/strong><strong>Chizhevsky \/ Hcast \/ Darren Baker (couple face \u00e0 la mer) \/Maksim Kostenko \/ Jenny Sturm \/ mycteria \/ SusaZoom \/ DoraZett \/ vouvraysan \/ esolla \/ eyetronic \/ Michael Kaiser \/Subbotina Anna \/ skywing \/anitasstudio \/ Pavelis \/ drob \/ grigvovan \/ Kzenon \/ GordonGrand \/ Kzenon \/ itsmejust \/auremar \/ M.D\u00f6rr &amp; M.Frommherz \/JPC-PROD \/ philippe Devanne \/ JPC-PROD \/ Michael Nivelet \/ philippe Devanne \/ Alexander Raths \/jd-photodesign \/ Robert Kneschke \/ styleuneed \/ PackShot \/ lelb \/ Vidady \/ Robert Hoetink \/ Petra Beerhalter \/ Darren Baker \/ CSschmuck \/ eyetronic \/ Rynio Productions \/ Velocista \/ Robyn Mackenzie\/ Ambient Ideas \/ LiliGraphie \/ iSKYDANCER \/ Shutterstock.com\u00a9DeGoodluz (femme ordinateur<\/strong><strong>) <\/strong><\/p>\n<p><strong>M\u00e9diation de la Consommation :<\/strong><strong><br \/>\n<\/strong>En cas de d\u00e9saccord avec la r\u00e9ponse apport\u00e9e par le professionnel \u00e0 une r\u00e9clamation, le client-consommateur peut, dans les conditions pr\u00e9vues aux articles L612-1 et suivants du Code de la Consommation, saisir le M\u00e9diateur de la Consommation des Professions Fun\u00e9raires par courriel (<a href=\"mailto:mediateur@mediateurconso-servicesfuneraires.fr)%20ou\">mediateur@mediateurconso-servicesfuneraires.fr) ou<\/a> par voie postale \u00e0 l\u2019adresse suivante : 14, Rue des Foss\u00e9s Saint Marcel 75005 PARIS, ou en consultant le site internet du M\u00e9diateur de la Consommation des Professions Fun\u00e9raires et en utilisant le formulaire en ligne pr\u00e9vu \u00e0 cet effet : <a href=\"https:\/\/mediateurconso-servicesfuneraires.fr\">https:\/\/mediateurconso-servicesfuneraires.fr<\/a>).[\/vc_column_text][vc_empty_space][vc_row_inner][vc_column_inner][\/vc_column_inner][\/vc_row_inner][vc_separator color=\u00a0\u00bbgreen\u00a0\u00bb border_width=\u00a0\u00bb2&Prime;][vc_empty_space][\/vc_column][\/vc_row]<\/p>\n","protected":false},"excerpt":{"rendered":"<p>[vc_row][vc_column][vc_empty_space][vc_column_text]Nom ou Raison sociale : POMPES FUNEBRES LE FLOC\u2019H Adresse \u00e9lectronique : pf.lefloch@orange.fr T\u00e9l\u00e9phone : 02 98 59 85 45 Forme juridique : SARL Capital social : 7\u00a0622,45 \u20ac Adresse si\u00e8ge social : rue Roger Salengro 29140 ROSPORDEN N\u00b0 SIRET de l\u2019\u00e9tablissement : 422626515 00031 Mentions l\u00e9gales sp\u00e9cifiques\u00a0: CODE APE\u00a0: 9603z\u00a0; N\u00b0HABILITATION\u00a0: 12-294-209\u00a0; N\u00b0ORIAS\u00a0: \u00a007&hellip;<\/p>\n","protected":false},"author":1,"featured_media":0,"parent":0,"menu_order":0,"comment_status":"closed","ping_status":"closed","template":"","meta":[],"class_list":["post-1614","page","type-page","status-publish","hentry","description-off"],"_links":{"self":[{"href":"https:\/\/pompesfunebreslefloch.fr\/index.php\/wp-json\/wp\/v2\/pages\/1614","targetHints":{"allow":["GET"]}}],"collection":[{"href":"https:\/\/pompesfunebreslefloch.fr\/index.php\/wp-json\/wp\/v2\/pages"}],"about":[{"href":"https:\/\/pompesfunebreslefloch.fr\/index.php\/wp-json\/wp\/v2\/types\/page"}],"author":[{"embeddable":true,"href":"https:\/\/pompesfunebreslefloch.fr\/index.php\/wp-json\/wp\/v2\/users\/1"}],"replies":[{"embeddable":true,"href":"https:\/\/pompesfunebreslefloch.fr\/index.php\/wp-json\/wp\/v2\/comments?post=1614"}],"version-history":[{"count":6,"href":"https:\/\/pompesfunebreslefloch.fr\/index.php\/wp-json\/wp\/v2\/pages\/1614\/revisions"}],"predecessor-version":[{"id":1728,"href":"https:\/\/pompesfunebreslefloch.fr\/index.php\/wp-json\/wp\/v2\/pages\/1614\/revisions\/1728"}],"wp:attachment":[{"href":"https:\/\/pompesfunebreslefloch.fr\/index.php\/wp-json\/wp\/v2\/media?parent=1614"}],"curies":[{"name":"wp","href":"https:\/\/api.w.org\/{rel}","templated":true}]}}