{"id":1617,"date":"2021-03-31T11:04:09","date_gmt":"2021-03-31T11:04:09","guid":{"rendered":"https:\/\/pompesfunebreslefloch.fr\/?page_id=1617"},"modified":"2021-03-31T11:04:09","modified_gmt":"2021-03-31T11:04:09","slug":"marbrerie","status":"publish","type":"page","link":"https:\/\/pompesfunebreslefloch.fr\/index.php\/marbrerie\/","title":{"rendered":"Marbrerie"},"content":{"rendered":"<p>[vc_row][vc_column][vc_column_text]<\/p>\n<h4>Les diff\u00e9rents types de monuments fun\u00e9raires<\/h4>\n<p>[\/vc_column_text][vc_empty_space][vc_column_text]Il existe diff\u00e9rents types de monuments fun\u00e9raires pour l\u2019inhumation ou la cr\u00e9mation. La majorit\u00e9 d\u2019entre eux sont en granit ou en pierre. Les monuments pour l\u2019inhumation sont destin\u00e9s \u00e0 \u00eatre plac\u00e9s sur une s\u00e9pulture pleine terre ou sur un caveau. Les monuments cin\u00e9raires (pour les urnes) positionn\u00e9s sur la terre existent \u00e9galement.<\/p>\n<p>Les monuments mixtes sont destin\u00e9s \u00e0 recevoir les d\u00e9pouilles des diff\u00e9rents membres d\u2019une m\u00eame famille qu\u2019ils aient \u00e9t\u00e9 cr\u00e9matis\u00e9s ou inhum\u00e9s. Ces monuments ont une partie enterr\u00e9e pour l\u2019inhumation des cercueils et une partie scell\u00e9e au monument pour accueillir les urnes cin\u00e9raires.<\/p>\n<p><strong>N\u2019h\u00e9sitez pas \u00e0 nous contacter pour toute information<\/strong>[\/vc_column_text][vc_empty_space][vc_separator color=\u00a0\u00bbgreen\u00a0\u00bb border_width=\u00a0\u00bb2&Prime;][vc_empty_space][vc_column_text]<\/p>\n<h4>Les diff\u00e9rents types de monuments fun\u00e9raires<\/h4>\n<p>[\/vc_column_text][vc_empty_space][vc_row_inner][vc_column_inner width=\u00a0\u00bb1\/6&Prime;][\/vc_column_inner][vc_column_inner width=\u00a0\u00bb2\/3&Prime;][vc_masonry_media_grid item=\u00a0\u00bbmediaGrid_SlideInTitle\u00a0\u00bb grid_id=\u00a0\u00bbvc_gid:1617188259272-16367779-2cca-0&Prime; include=\u00a0\u00bb1622,1623,1624,1625,1626,1627,1628,1629,1630,1631,1632,1633,1634,1635,1636&Prime;][\/vc_column_inner][vc_column_inner width=\u00a0\u00bb1\/6&Prime;][\/vc_column_inner][\/vc_row_inner][vc_empty_space][vc_separator color=\u00a0\u00bbgreen\u00a0\u00bb border_width=\u00a0\u00bb2&Prime;][vc_empty_space][\/vc_column][\/vc_row]<\/p>\n","protected":false},"excerpt":{"rendered":"<p>[vc_row][vc_column][vc_column_text] Les diff\u00e9rents types de monuments fun\u00e9raires [\/vc_column_text][vc_empty_space][vc_column_text]Il existe diff\u00e9rents types de monuments fun\u00e9raires pour l\u2019inhumation ou la cr\u00e9mation. La majorit\u00e9 d\u2019entre eux sont en granit ou en pierre. Les monuments pour l\u2019inhumation sont destin\u00e9s \u00e0 \u00eatre plac\u00e9s sur une s\u00e9pulture pleine terre ou sur un caveau. Les monuments cin\u00e9raires (pour les urnes) positionn\u00e9s sur&hellip;<\/p>\n","protected":false},"author":1,"featured_media":0,"parent":0,"menu_order":0,"comment_status":"closed","ping_status":"closed","template":"","meta":[],"class_list":["post-1617","page","type-page","status-publish","hentry","description-off"],"_links":{"self":[{"href":"https:\/\/pompesfunebreslefloch.fr\/index.php\/wp-json\/wp\/v2\/pages\/1617","targetHints":{"allow":["GET"]}}],"collection":[{"href":"https:\/\/pompesfunebreslefloch.fr\/index.php\/wp-json\/wp\/v2\/pages"}],"about":[{"href":"https:\/\/pompesfunebreslefloch.fr\/index.php\/wp-json\/wp\/v2\/types\/page"}],"author":[{"embeddable":true,"href":"https:\/\/pompesfunebreslefloch.fr\/index.php\/wp-json\/wp\/v2\/users\/1"}],"replies":[{"embeddable":true,"href":"https:\/\/pompesfunebreslefloch.fr\/index.php\/wp-json\/wp\/v2\/comments?post=1617"}],"version-history":[{"count":4,"href":"https:\/\/pompesfunebreslefloch.fr\/index.php\/wp-json\/wp\/v2\/pages\/1617\/revisions"}],"predecessor-version":[{"id":1638,"href":"https:\/\/pompesfunebreslefloch.fr\/index.php\/wp-json\/wp\/v2\/pages\/1617\/revisions\/1638"}],"wp:attachment":[{"href":"https:\/\/pompesfunebreslefloch.fr\/index.php\/wp-json\/wp\/v2\/media?parent=1617"}],"curies":[{"name":"wp","href":"https:\/\/api.w.org\/{rel}","templated":true}]}}