{"id":1693,"date":"2021-03-31T12:10:39","date_gmt":"2021-03-31T12:10:39","guid":{"rendered":"https:\/\/pompesfunebreslefloch.fr\/?page_id=1693"},"modified":"2021-05-19T08:41:21","modified_gmt":"2021-05-19T08:41:21","slug":"articles-funeraires","status":"publish","type":"page","link":"https:\/\/pompesfunebreslefloch.fr\/index.php\/articles-funeraires\/","title":{"rendered":"ARTICLES FUNERAIRES"},"content":{"rendered":"<p>[vc_row][vc_column][vc_column_text]<strong>Pour honorer la m\u00e9moire de votre d\u00e9funt vous trouverez dans notre boutique un large choix de Plaques, Fleurs et Ornements.<\/strong><\/p>\n<p>A poser ou \u00e0 suspendre sur un monument fun\u00e9raire ou un columbarium, nous vous proposons un vaste choix de d\u00e9cors pour tombe pour tous styles de monuments ou de croyances : plaques fun\u00e9raires, gerbes de fleurs, statues fun\u00e9raires, lanternes, vases et jardini\u00e8res, b\u00e9nitiers et bien d&rsquo;autres&#8230;<\/p>\n<p>Les plaques, fleurs et ornements fun\u00e9raires permettent de d\u00e9corer la pierre tombale. Ils peuvent \u00eatre simplement d\u00e9coratifs ou symboliser la vie du d\u00e9funt et\/ou ses croyances.<\/p>\n<p>Les plaques qui peuvent recevoir une gravure personnalis\u00e9e, sont aussi l&rsquo;occasion de laisser un message \u00e0 votre d\u00e9funt en lui rendant un hommage personnalis\u00e9 permanent.<\/p>\n<p>N\u2019h\u00e9sitez pas \u00e0 nous demander conseil.[\/vc_column_text][vc_empty_space][vc_single_image image=\u00a0\u00bb1615&Prime; img_size=\u00a0\u00bbfull\u00a0\u00bb alignment=\u00a0\u00bbcenter\u00a0\u00bb][vc_empty_space][vc_separator color=\u00a0\u00bbgreen\u00a0\u00bb border_width=\u00a0\u00bb2&Prime;][vc_empty_space][\/vc_column][\/vc_row]<\/p>\n","protected":false},"excerpt":{"rendered":"<p>[vc_row][vc_column][vc_column_text]Pour honorer la m\u00e9moire de votre d\u00e9funt vous trouverez dans notre boutique un large choix de Plaques, Fleurs et Ornements. A poser ou \u00e0 suspendre sur un monument fun\u00e9raire ou un columbarium, nous vous proposons un vaste choix de d\u00e9cors pour tombe pour tous styles de monuments ou de croyances : plaques fun\u00e9raires, gerbes de&hellip;<\/p>\n","protected":false},"author":1,"featured_media":0,"parent":0,"menu_order":0,"comment_status":"closed","ping_status":"closed","template":"","meta":[],"class_list":["post-1693","page","type-page","status-publish","hentry","description-off"],"_links":{"self":[{"href":"https:\/\/pompesfunebreslefloch.fr\/index.php\/wp-json\/wp\/v2\/pages\/1693","targetHints":{"allow":["GET"]}}],"collection":[{"href":"https:\/\/pompesfunebreslefloch.fr\/index.php\/wp-json\/wp\/v2\/pages"}],"about":[{"href":"https:\/\/pompesfunebreslefloch.fr\/index.php\/wp-json\/wp\/v2\/types\/page"}],"author":[{"embeddable":true,"href":"https:\/\/pompesfunebreslefloch.fr\/index.php\/wp-json\/wp\/v2\/users\/1"}],"replies":[{"embeddable":true,"href":"https:\/\/pompesfunebreslefloch.fr\/index.php\/wp-json\/wp\/v2\/comments?post=1693"}],"version-history":[{"count":2,"href":"https:\/\/pompesfunebreslefloch.fr\/index.php\/wp-json\/wp\/v2\/pages\/1693\/revisions"}],"predecessor-version":[{"id":1717,"href":"https:\/\/pompesfunebreslefloch.fr\/index.php\/wp-json\/wp\/v2\/pages\/1693\/revisions\/1717"}],"wp:attachment":[{"href":"https:\/\/pompesfunebreslefloch.fr\/index.php\/wp-json\/wp\/v2\/media?parent=1693"}],"curies":[{"name":"wp","href":"https:\/\/api.w.org\/{rel}","templated":true}]}}